{"id":10,"date":"2016-03-18T23:29:56","date_gmt":"2016-03-18T23:29:56","guid":{"rendered":"http:\/\/sgisoftware.com\/websgi\/?page_id=10"},"modified":"2018-05-18T18:33:24","modified_gmt":"2018-05-18T18:33:24","slug":"quienes-somos","status":"publish","type":"page","link":"https:\/\/sgisoftware.com\/websgi\/quienes-somos\/","title":{"rendered":"Quienes somos"},"content":{"rendered":"<p>SGI naci\u00f3 en Asunci\u00f3n del Paraguay en 1993 como respuesta a la incipiente necesidad de un Centro Educativo de informatizar su gesti\u00f3n acad\u00e9mica.<\/p>\n<p>A partir de ese inicio, hemos ido abarcando m\u00e1s sectores del mercado; actualmente cubrimos:<\/p>\n<p>SOFTWARE<\/p>\n<ul>\n<li>Sistemas Inform\u00e1ticos integrales (acad\u00e9micos y administrativos) para Colegios y\u00a0Universidades.<\/li>\n<li>Software para Gesti\u00f3n de Supermercados, Farmacias, Ferreter\u00edas, Distribuidoras, Restaurantes,\u00a0 Clubes, Asociaciones.<\/li>\n<li>Software para Unidades de Producci\u00f3n.<\/li>\n<li>Software de Puntos de Venta, Control de Stock, Clientes, Proveedores, Recursos Humanos.<\/li>\n<li>Software de Registro y seguimiento de pacientes para Cl\u00ednicas M\u00e9dicas, Oft\u00e1lmicas y Odontol\u00f3gicas.<\/li>\n<\/ul>\n<p>SITIOS WEB Y APLICACIONES ESPEC\u00cdFICAS<\/p>\n<ul>\n<li>Desarrollo e implementaci\u00f3n de Plataformas E-Learning.<\/li>\n<li>Dise\u00f1o de Sitios Web.<\/li>\n<li>Desarrollo de Intranet.<\/li>\n<li>Sistemas de registro y seguimiento de documentacion y procesos (Sistemas de Mesa de Entrada)<\/li>\n<\/ul>\n<p>SERVICIOS WEB<\/p>\n<ul>\n<li>Desarrollo y soporte de WebServices para redes de pagos en Paraguay.<\/li>\n<\/ul>\n<p>HOSTING (ALMACENAMIENTO WEB) Y DOMINIOS<\/p>\n<ul>\n<li>Contamos con todo lo necesario para poner su Organizaci\u00f3n en Internet.<\/li>\n<\/ul>\n<hr \/>\n<p>&nbsp;<\/p>\n<p>Ofrecemos a nuestros clientes productos software de alta calidad, utilizando las tecnolog\u00edas y est\u00e1ndares m\u00e1s convenientes.<\/p>\n<p>Estamos convencidos de que el desarrollo personalizado es una excelente v\u00eda para satisfacer plenamente sus necesidades.<\/p>\n","protected":false},"excerpt":{"rendered":"<p>SGI naci\u00f3 en Asunci\u00f3n del Paraguay en 1993 como respuesta a la incipiente necesidad de un Centro Educativo de informatizar su gesti\u00f3n acad\u00e9mica. A partir de ese inicio, hemos ido abarcando m\u00e1s sectores del mercado; actualmente cubrimos: SOFTWARE Sistemas Inform\u00e1ticos integrales (acad\u00e9micos y administrativos) para Colegios y\u00a0Universidades. Software para Gesti\u00f3n de Supermercados, Farmacias, Ferreter\u00edas, Distribuidoras,&hellip;<\/p>\n","protected":false},"author":1,"featured_media":0,"parent":0,"menu_order":0,"comment_status":"closed","ping_status":"closed","template":"page-templates\/full-width.php","meta":[],"_links":{"self":[{"href":"https:\/\/sgisoftware.com\/websgi\/wp-json\/wp\/v2\/pages\/10"}],"collection":[{"href":"https:\/\/sgisoftware.com\/websgi\/wp-json\/wp\/v2\/pages"}],"about":[{"href":"https:\/\/sgisoftware.com\/websgi\/wp-json\/wp\/v2\/types\/page"}],"author":[{"embeddable":true,"href":"https:\/\/sgisoftware.com\/websgi\/wp-json\/wp\/v2\/users\/1"}],"replies":[{"embeddable":true,"href":"https:\/\/sgisoftware.com\/websgi\/wp-json\/wp\/v2\/comments?post=10"}],"version-history":[{"count":9,"href":"https:\/\/sgisoftware.com\/websgi\/wp-json\/wp\/v2\/pages\/10\/revisions"}],"predecessor-version":[{"id":309,"href":"https:\/\/sgisoftware.com\/websgi\/wp-json\/wp\/v2\/pages\/10\/revisions\/309"}],"wp:attachment":[{"href":"https:\/\/sgisoftware.com\/websgi\/wp-json\/wp\/v2\/media?parent=10"}],"curies":[{"name":"wp","href":"https:\/\/api.w.org\/{rel}","templated":true}]}}