{"id":139,"date":"2016-03-31T23:16:15","date_gmt":"2016-03-31T23:16:15","guid":{"rendered":"http:\/\/sgisoftware.com\/websgi\/?page_id=139"},"modified":"2016-03-31T23:22:52","modified_gmt":"2016-03-31T23:22:52","slug":"terminos-del-servicio","status":"publish","type":"page","link":"https:\/\/sgisoftware.com\/websgi\/terminos-del-servicio\/","title":{"rendered":"Terminos del Servicio"},"content":{"rendered":"<ul>\n<li id=\"tw-target-text\" class=\"tw-data-text vk_txt tw-ta tw-text-small\" dir=\"ltr\" data-placeholder=\"Traducci\u00f3n\"><span lang=\"es\">SGI Inform\u00e1tica no permite material pornogr\u00e1fico. <\/span><\/li>\n<li class=\"tw-data-text vk_txt tw-ta tw-text-small\" dir=\"ltr\" data-placeholder=\"Traducci\u00f3n\"><span lang=\"es\">SGI Inform\u00e1tica no permite correo electr\u00f3nico no solicitado y exige a los administradores de lista \u00abopt-in\u00bb para incluir al menos un m\u00e9todo simple acci\u00f3n de darse de baja en cada correo electr\u00f3nico. Nos reservamos el derecho de limitar el correo electr\u00f3nico entrante o saliente en cualquier momento. <\/span><\/li>\n<li class=\"tw-data-text vk_txt tw-ta tw-text-small\" dir=\"ltr\" data-placeholder=\"Traducci\u00f3n\"><span lang=\"es\">SGI Inform\u00e1tica se reserva el derecho de cancelar su cuenta en cualquier momento y sin un reembolso. Razones para la terminaci\u00f3n incluyen, pero no se limitan a: <\/span>\n<ul>\n<li><span lang=\"es\">El abuso de las m\u00e1quinas &#8211; ya sea intencional o resultante de codificaci\u00f3n inadecuada. <\/span><\/li>\n<li><span lang=\"es\">Cometer o promover cualquier tipo de actividad ilegal, incluyendo el fraude, bombardeo de correo, ataques de denegaci\u00f3n de servicio, almacenamiento y\/o la vinculaci\u00f3n con los contenidos ilegales, incluyendo pero no limitado a, \u00abwarez\u00bb, \u00abpirater\u00eda\u00bb \/ \u00abcracking\u00bb \/ \u00bb generadores de claves \u00ab. <\/span><\/li>\n<li><span lang=\"es\">Los servicios al tr\u00e1nsito de drogas ilegales, los juegos de azar y\/o materiales obscenos. <\/span><\/li>\n<li><span lang=\"es\">Los Servicios de desviar o de violar las patentes, derechos de autor, marcas u otros derechos de propiedad intelectual de terceros.<\/span><\/li>\n<\/ul>\n<\/li>\n<\/ul>\n<ul>\n<li><span lang=\"es\">Adem\u00e1s, SGI Inform\u00e1tica se reserva el derecho de cancelar su cuenta si en cualquier momento su sitio contiene pornograf\u00eda y\/o desnudez de cualquier tipo, incluyendo pero no limitado a la pornograf\u00eda de adultos, animado, la pornograf\u00eda infantil, \u00abcontenido para adultos\u00bb y\/o las palabras de naturaleza sexual. <\/span><\/li>\n<li><span lang=\"es\">El uso de servidores de anuncios, los intentos de eludir sistema de cuotas de propiedad de &#8216;nadie&#8217;, ciertos sitios de podcasting, el uso de software de Torrent, servidores proxy, el uso excesivo de recursos o \u00abn\u00facleo dumping&#8217;. <\/span><\/li>\n<li><span lang=\"es\">Los intentos de eludir cualquiera de nuestras pol\u00edticas de seguridad, procedimientos o sistemas.<\/span><\/li>\n<\/ul>\n","protected":false},"excerpt":{"rendered":"<p>SGI Inform\u00e1tica no permite material pornogr\u00e1fico. SGI Inform\u00e1tica no permite correo electr\u00f3nico no solicitado y exige a los administradores de lista \u00abopt-in\u00bb para incluir al menos un m\u00e9todo simple acci\u00f3n de darse de baja en cada correo electr\u00f3nico. Nos reservamos el derecho de limitar el correo electr\u00f3nico entrante o saliente en cualquier momento. SGI Inform\u00e1tica&hellip;<\/p>\n","protected":false},"author":1,"featured_media":0,"parent":0,"menu_order":0,"comment_status":"closed","ping_status":"closed","template":"","meta":[],"_links":{"self":[{"href":"https:\/\/sgisoftware.com\/websgi\/wp-json\/wp\/v2\/pages\/139"}],"collection":[{"href":"https:\/\/sgisoftware.com\/websgi\/wp-json\/wp\/v2\/pages"}],"about":[{"href":"https:\/\/sgisoftware.com\/websgi\/wp-json\/wp\/v2\/types\/page"}],"author":[{"embeddable":true,"href":"https:\/\/sgisoftware.com\/websgi\/wp-json\/wp\/v2\/users\/1"}],"replies":[{"embeddable":true,"href":"https:\/\/sgisoftware.com\/websgi\/wp-json\/wp\/v2\/comments?post=139"}],"version-history":[{"count":5,"href":"https:\/\/sgisoftware.com\/websgi\/wp-json\/wp\/v2\/pages\/139\/revisions"}],"predecessor-version":[{"id":144,"href":"https:\/\/sgisoftware.com\/websgi\/wp-json\/wp\/v2\/pages\/139\/revisions\/144"}],"wp:attachment":[{"href":"https:\/\/sgisoftware.com\/websgi\/wp-json\/wp\/v2\/media?parent=139"}],"curies":[{"name":"wp","href":"https:\/\/api.w.org\/{rel}","templated":true}]}}