{"id":204,"date":"2016-12-11T16:27:18","date_gmt":"2016-12-11T16:27:18","guid":{"rendered":"http:\/\/sgisoftware.com\/websgi\/?page_id=204"},"modified":"2016-12-11T16:27:18","modified_gmt":"2016-12-11T16:27:18","slug":"aviso-legal","status":"publish","type":"page","link":"https:\/\/sgisoftware.com\/websgi\/aviso-legal\/","title":{"rendered":"Aviso Legal"},"content":{"rendered":"<p><strong>CONDICIONES GENERALES<\/strong><\/p>\n<p>El uso del presente sitio web implica la expresa y plena aceptaci\u00f3n de las condiciones aqu\u00ed expuestas, sin perjuicio de aquellas particulares que pudieran aplicarse a algunos de los servicios concretos ofrecidos a trav\u00e9s del mismo.<\/p>\n<p>Nos reservamos el derecho de modificar en cualquier momento las presentes condiciones de uso, as\u00ed como cualesquiera otras condiciones particulares.<\/p>\n<p><strong>PROPIEDAD INTELECTUAL\u00a0<\/strong><\/p>\n<p>Se proh\u00edbe la reproducci\u00f3n total o parcial de los contenidos del sitio, as\u00ed como su modificaci\u00f3n y\/o distribuci\u00f3n sin citar su origen o solicitar previamente autorizaci\u00f3n.<\/p>\n<p>No asumiremos ninguna responsabilidad derivada del uso por terceros del contenido del sitio web y podremos ejercer todas las acciones civiles o penales que le correspondan en caso de infracci\u00f3n de estos derechos por parte del usuario.<\/p>\n","protected":false},"excerpt":{"rendered":"<p>CONDICIONES GENERALES El uso del presente sitio web implica la expresa y plena aceptaci\u00f3n de las condiciones aqu\u00ed expuestas, sin perjuicio de aquellas particulares que pudieran aplicarse a algunos de los servicios concretos ofrecidos a trav\u00e9s del mismo. Nos reservamos el derecho de modificar en cualquier momento las presentes condiciones de uso, as\u00ed como cualesquiera&hellip;<\/p>\n","protected":false},"author":1,"featured_media":0,"parent":0,"menu_order":0,"comment_status":"closed","ping_status":"closed","template":"","meta":[],"_links":{"self":[{"href":"https:\/\/sgisoftware.com\/websgi\/wp-json\/wp\/v2\/pages\/204"}],"collection":[{"href":"https:\/\/sgisoftware.com\/websgi\/wp-json\/wp\/v2\/pages"}],"about":[{"href":"https:\/\/sgisoftware.com\/websgi\/wp-json\/wp\/v2\/types\/page"}],"author":[{"embeddable":true,"href":"https:\/\/sgisoftware.com\/websgi\/wp-json\/wp\/v2\/users\/1"}],"replies":[{"embeddable":true,"href":"https:\/\/sgisoftware.com\/websgi\/wp-json\/wp\/v2\/comments?post=204"}],"version-history":[{"count":2,"href":"https:\/\/sgisoftware.com\/websgi\/wp-json\/wp\/v2\/pages\/204\/revisions"}],"predecessor-version":[{"id":315,"href":"https:\/\/sgisoftware.com\/websgi\/wp-json\/wp\/v2\/pages\/204\/revisions\/315"}],"wp:attachment":[{"href":"https:\/\/sgisoftware.com\/websgi\/wp-json\/wp\/v2\/media?parent=204"}],"curies":[{"name":"wp","href":"https:\/\/api.w.org\/{rel}","templated":true}]}}