{"id":214,"date":"2016-12-11T17:14:40","date_gmt":"2016-12-11T17:14:40","guid":{"rendered":"http:\/\/sgisoftware.com\/websgi\/pagina-de-inicio\/"},"modified":"2016-12-13T17:23:51","modified_gmt":"2016-12-13T17:23:51","slug":"pagina-de-inicio","status":"publish","type":"page","link":"https:\/\/sgisoftware.com\/websgi\/","title":{"rendered":"P\u00e1gina de inicio"},"content":{"rendered":"<div id=\"pl-214\"  class=\"panel-layout\" ><div id=\"pg-214-0\"  class=\"panel-grid panel-has-style\" ><div class=\"panel-row-style panel-row-style-for-214-0\" ><div id=\"pgc-214-0-0\"  class=\"panel-grid-cell\" ><div id=\"panel-214-0-0-0\" class=\"so-panel widget widget_sow-features panel-first-child panel-last-child\" data-index=\"0\" ><div class=\"so-widget-sow-features so-widget-sow-features-default-aa5cec4330c9-214\">\n<div class=\"sow-features-list sow-features-responsive\">\n\n\t\t\t\n\t\t\t<div class=\"sow-features-feature sow-icon-container-position-top sow-features-feature-last-row\" style=\"width: 33.333%\">\n\n\t\t\t\t\t\t\t\t<div\n\t\t\t\t\tclass=\"sow-icon-container sow-container-round\"\n                    style=\"color: #0066bf; \"\n\t\t\t\t\t>\n\t\t\t\t\t<span class=\"sow-icon-fontawesome sow-fas\" data-sow-icon=\"&#xf121;\"\n\t\tstyle=\"font-size: 28px; color: #ffffff\" ><\/span>\t\t\t\t<\/div>\n\t\t\t\t\n\t\t\t\t<div class=\"textwidget\">\n\t\t\t\t\t\t\t\t\t\t\t<h5>\n\t\t\t\t\t\t\t\t\t\t\t\t\t\tPlanes de alojamiento y Dise\u00f1o Web\t\t\t\t\t\t\t\t\t\t\t\t\t<\/h5>\n\t\t\t\t\t\n\t\t\t\t\t\t\t\t\t\t\tTenemos el plan de alojamiento exacto para sus necesidades. Alta disponibilidad en servidores redundantes.\t\t\t\t\t\n\t\t\t\t\t\t\t\t\t\t\t<p class=\"sow-more-text\">\n\t\t\t\t\t\t\t<a href=\"https:\/\/sgisoftware.com\/websgi\/planes-de-hosting\/\" >\t\t\t\t\t\t\tLea m\u00e1s\t\t\t\t\t\t\t<\/a>\t\t\t\t\t\t<\/p>\n\t\t\t\t\t\t\t\t\t<\/div>\n\t\t\t<\/div>\n\n\t\t\n\t\t\t<div class=\"sow-features-feature sow-icon-container-position-top sow-features-feature-last-row\" style=\"width: 33.333%\">\n\n\t\t\t\t\t\t\t\t<div\n\t\t\t\t\tclass=\"sow-icon-container sow-container-round\"\n                    style=\"color: #0066bf; \"\n\t\t\t\t\t>\n\t\t\t\t\t<span class=\"sow-icon-fontawesome sow-fas\" data-sow-icon=\"&#xf085;\"\n\t\tstyle=\"font-size: 28px; color: #ffffff\" ><\/span>\t\t\t\t<\/div>\n\t\t\t\t\n\t\t\t\t<div class=\"textwidget\">\n\t\t\t\t\t\t\t\t\t\t\t<h5>\n\t\t\t\t\t\t\t\t\t\t\t\t\t\tSoluciones inform\u00e1ticas basadas en software\t\t\t\t\t\t\t\t\t\t\t\t\t<\/h5>\n\t\t\t\t\t\n\t\t\t\t\t\t\t\t\t\t\tEn SGI brindamos soluciones inform\u00e1ticas a sus necesidades. Brindamos soporte inform\u00e1tico a sistemas de Colegios, Universidades, Cantinas, Restaurantes, Farmacias, Estudios Contables; nada m\u00e1s como ejemplo de lo que puede encontrar en SGI\t\t\t\t\t\n\t\t\t\t\t\t\t\t\t\t\t<p class=\"sow-more-text\">\n\t\t\t\t\t\t\t<a href=\"#\" >\t\t\t\t\t\t\tLea m\u00e1s\t\t\t\t\t\t\t<\/a>\t\t\t\t\t\t<\/p>\n\t\t\t\t\t\t\t\t\t<\/div>\n\t\t\t<\/div>\n\n\t\t\n\t\t\t<div class=\"sow-features-feature sow-icon-container-position-top sow-features-feature-last-row\" style=\"width: 33.333%\">\n\n\t\t\t\t\t\t\t\t<div\n\t\t\t\t\tclass=\"sow-icon-container sow-container-round\"\n                    style=\"color: #0066bf; \"\n\t\t\t\t\t>\n\t\t\t\t\t<span class=\"sow-icon-fontawesome sow-far\" data-sow-icon=\"&#xf086;\"\n\t\tstyle=\"font-size: 28px; color: #ffffff\" ><\/span>\t\t\t\t<\/div>\n\t\t\t\t\n\t\t\t\t<div class=\"textwidget\">\n\t\t\t\t\t\t\t\t\t\t\t<h5>\n\t\t\t\t\t\t\t\t\t\t\t\t\t\tAsistencia Profesional\t\t\t\t\t\t\t\t\t\t\t\t\t<\/h5>\n\t\t\t\t\t\n\t\t\t\t\t\t\t\t\t\t\tMantenga su negocio funcionando con nuestra atenci\u00f3n online y personalizada.\t\t\t\t\t\n\t\t\t\t\t\t\t\t\t\t\t<p class=\"sow-more-text\">\n\t\t\t\t\t\t\t<a href=\"#\" >\t\t\t\t\t\t\tSepa m\u00e1s...\t\t\t\t\t\t\t<\/a>\t\t\t\t\t\t<\/p>\n\t\t\t\t\t\t\t\t\t<\/div>\n\t\t\t<\/div>\n\n\t\t\t\n<\/div>\n<\/div><\/div><\/div><\/div><\/div><div id=\"pg-214-1\"  class=\"panel-grid panel-has-style\" ><div class=\"siteorigin-panels-stretch panel-row-style panel-row-style-for-214-1\" data-stretch-type=\"full\" ><div id=\"pgc-214-1-0\"  class=\"panel-grid-cell panel-grid-cell-empty\" ><\/div><\/div><\/div><div id=\"pg-214-2\"  class=\"panel-grid panel-no-style\" ><div id=\"pgc-214-2-0\"  class=\"panel-grid-cell panel-grid-cell-empty\" ><\/div><\/div><\/div>","protected":false},"excerpt":{"rendered":"<p>Planes de alojamiento y Dise\u00f1o Web Tenemos el plan de alojamiento exacto para sus necesidades. Alta disponibilidad en servidores redundantes. Lea m\u00e1s Soluciones inform\u00e1ticas basadas en software En SGI brindamos soluciones inform\u00e1ticas a sus necesidades. Brindamos soporte inform\u00e1tico a sistemas de Colegios, Universidades, Cantinas, Restaurantes, Farmacias, Estudios Contables; nada m\u00e1s como ejemplo de lo que&hellip;<\/p>\n","protected":false},"author":1,"featured_media":0,"parent":0,"menu_order":0,"comment_status":"closed","ping_status":"closed","template":"home-panels.php","meta":[],"_links":{"self":[{"href":"https:\/\/sgisoftware.com\/websgi\/wp-json\/wp\/v2\/pages\/214"}],"collection":[{"href":"https:\/\/sgisoftware.com\/websgi\/wp-json\/wp\/v2\/pages"}],"about":[{"href":"https:\/\/sgisoftware.com\/websgi\/wp-json\/wp\/v2\/types\/page"}],"author":[{"embeddable":true,"href":"https:\/\/sgisoftware.com\/websgi\/wp-json\/wp\/v2\/users\/1"}],"replies":[{"embeddable":true,"href":"https:\/\/sgisoftware.com\/websgi\/wp-json\/wp\/v2\/comments?post=214"}],"version-history":[{"count":1,"href":"https:\/\/sgisoftware.com\/websgi\/wp-json\/wp\/v2\/pages\/214\/revisions"}],"predecessor-version":[{"id":215,"href":"https:\/\/sgisoftware.com\/websgi\/wp-json\/wp\/v2\/pages\/214\/revisions\/215"}],"wp:attachment":[{"href":"https:\/\/sgisoftware.com\/websgi\/wp-json\/wp\/v2\/media?parent=214"}],"curies":[{"name":"wp","href":"https:\/\/api.w.org\/{rel}","templated":true}]}}