{"id":223,"date":"2016-12-12T18:18:57","date_gmt":"2016-12-12T18:18:57","guid":{"rendered":"http:\/\/sgisoftware.com\/websgi\/?page_id=223"},"modified":"2019-06-11T20:30:45","modified_gmt":"2019-06-11T20:30:45","slug":"nuestros-clientes","status":"publish","type":"page","link":"https:\/\/sgisoftware.com\/websgi\/nuestros-clientes\/","title":{"rendered":"Nuestros clientes"},"content":{"rendered":"<p>Nuestros clientes y amigos, los que d\u00eda a d\u00eda nos honran al contarnos entre sus proveedores.<\/p>\n<p>Ofrecemos dise\u00f1o e implementaci\u00f3n de Software en Sistemas Locales y Www, Hosting y Dise\u00f1o Web, Servicios de Almacenamiento y WebServices con protocolo seguro (HTTPS) para procesamiento de pagos electr\u00f3nicos via Redes de Cobranzas, Asistencia y Asesoramiento integral en el \u00c1rea Inform\u00e1tica.<\/p>\n<p><strong>Clientes del Servicio de Sistemas de Gesti\u00f3n Local<\/strong><\/p>\n<p>Universidades \/ Centros de Formaci\u00f3n Superior<\/p>\n<ul class=\"kiwi-logo-carousel kiwi-logo-carousel-universidades default align-center col4\"><li style=\"height:150px;\" ><div class=\"helper\" style=\"height:150px; width:200px;\" ><img src=\"https:\/\/sgisoftware.com\/websgi\/wp-content\/uploads\/2016\/12\/LogoIspa.jpg\" alt=\"Ispa\" title=\"Ispa\" style=\"max-width:200px; padding-left: 0px; padding-right:0px\" ><\/div><\/li><li style=\"height:150px;\" ><div class=\"helper\" style=\"height:150px; width:200px;\" ><img src=\"https:\/\/sgisoftware.com\/websgi\/wp-content\/uploads\/2016\/12\/LogoUap.jpg\" alt=\"Universidad Aut\u00f3noma del Paraguay\" title=\"Universidad Aut\u00f3noma del Paraguay\" style=\"max-width:200px; padding-left: 0px; padding-right:0px\" ><\/div><\/li><li style=\"height:150px;\" ><div class=\"helper\" style=\"height:150px; width:200px;\" ><img src=\"https:\/\/sgisoftware.com\/websgi\/wp-content\/uploads\/2016\/12\/LogoUnades.jpg\" alt=\"Universidad del Sol\" title=\"Universidad del Sol\" style=\"max-width:200px; padding-left: 0px; padding-right:0px\" ><\/div><\/li><\/ul>\n<p>Centros Educativos \/ Colegios \/ Escuelas<\/p>\n<ul class=\"kiwi-logo-carousel kiwi-logo-carousel-educacion default align-center col4\"><li style=\"height:150px;\" ><div class=\"helper\" style=\"height:150px; width:200px;\" ><img src=\"https:\/\/sgisoftware.com\/websgi\/wp-content\/uploads\/2016\/12\/CEL20.jpg\" alt=\"Centro Educativo Los Laureles\" title=\"Centro Educativo Los Laureles\" style=\"max-width:200px; padding-left: 0px; padding-right:0px\" ><\/div><\/li><li style=\"height:150px;\" ><div class=\"helper\" style=\"height:150px; width:200px;\" ><img src=\"https:\/\/sgisoftware.com\/websgi\/wp-content\/uploads\/2016\/12\/LogoStaTere.jpg\" alt=\"Colegio Santa Teresita del Ni\u00f1o Jes\u00fas\" title=\"Colegio Santa Teresita del Ni\u00f1o Jes\u00fas\" style=\"max-width:200px; padding-left: 0px; padding-right:0px\" ><\/div><\/li><li style=\"height:150px;\" ><div class=\"helper\" style=\"height:150px; width:200px;\" ><img src=\"https:\/\/sgisoftware.com\/websgi\/wp-content\/uploads\/2016\/12\/LOGO-CAMPOALTO-actual.png\" alt=\"Colegio Campoalto\" title=\"Colegio Campoalto\" style=\"max-width:200px; padding-left: 0px; padding-right:0px\" ><\/div><\/li><li style=\"height:150px;\" ><div class=\"helper\" style=\"height:150px; width:200px;\" ><img src=\"https:\/\/sgisoftware.com\/websgi\/wp-content\/uploads\/2016\/12\/LogoAHS.jpg\" alt=\"Colegio Asunci\u00f3n High School\" title=\"Colegio Asunci\u00f3n High School\" style=\"max-width:200px; padding-left: 0px; padding-right:0px\" ><\/div><\/li><li style=\"height:150px;\" ><div class=\"helper\" style=\"height:150px; width:200px;\" ><img src=\"https:\/\/sgisoftware.com\/websgi\/wp-content\/uploads\/2016\/12\/LogoCPS.jpg\" alt=\"Centro Paraguayo del Saber\" title=\"Centro Paraguayo del Saber\" style=\"max-width:200px; padding-left: 0px; padding-right:0px\" ><\/div><\/li><li style=\"height:150px;\" ><div class=\"helper\" style=\"height:150px; width:200px;\" ><img src=\"https:\/\/sgisoftware.com\/websgi\/wp-content\/uploads\/2016\/12\/LogoCas.jpg\" alt=\"Colegio de la Asunci\u00f3n\" title=\"Colegio de la Asunci\u00f3n\" style=\"max-width:200px; padding-left: 0px; padding-right:0px\" ><\/div><\/li><li style=\"height:150px;\" ><div class=\"helper\" style=\"height:150px; width:200px;\" ><img src=\"https:\/\/sgisoftware.com\/websgi\/wp-content\/uploads\/2016\/12\/LogoCescj.jpg\" alt=\"Centro Educativo Sagrado Coraz\u00f3n de Jes\u00fas\" title=\"Centro Educativo Sagrado Coraz\u00f3n de Jes\u00fas\" style=\"max-width:200px; padding-left: 0px; padding-right:0px\" ><\/div><\/li><li style=\"height:150px;\" ><div class=\"helper\" style=\"height:150px; width:200px;\" ><img src=\"https:\/\/sgisoftware.com\/websgi\/wp-content\/uploads\/2016\/12\/LogoCKS.jpg\" alt=\"Colegio Chiang Kai Shek\" title=\"Colegio Chiang Kai Shek\" style=\"max-width:200px; padding-left: 0px; padding-right:0px\" ><\/div><\/li><li style=\"height:150px;\" ><div class=\"helper\" style=\"height:150px; width:200px;\" ><img src=\"https:\/\/sgisoftware.com\/websgi\/wp-content\/uploads\/2016\/12\/LogoCPX.jpg\" alt=\"Colegio Parroquial San P\u00edo X\" title=\"Colegio Parroquial San P\u00edo X\" style=\"max-width:200px; padding-left: 0px; padding-right:0px\" ><\/div><\/li><li style=\"height:150px;\" ><div class=\"helper\" style=\"height:150px; width:200px;\" ><img src=\"https:\/\/sgisoftware.com\/websgi\/wp-content\/uploads\/2016\/12\/LogoCscj.jpg\" alt=\"Colegio Sagrado Coraz\u00f3n de Jes\u00fas (Sajonia)\" title=\"Colegio Sagrado Coraz\u00f3n de Jes\u00fas (Sajonia)\" style=\"max-width:200px; padding-left: 0px; padding-right:0px\" ><\/div><\/li><li style=\"height:150px;\" ><div class=\"helper\" style=\"height:150px; width:200px;\" ><img src=\"https:\/\/sgisoftware.com\/websgi\/wp-content\/uploads\/2016\/12\/LogoLasAlmenas.jpg\" alt=\"Colegio Las Almenas\" title=\"Colegio Las Almenas\" style=\"max-width:200px; padding-left: 0px; padding-right:0px\" ><\/div><\/li><li style=\"height:150px;\" ><div class=\"helper\" style=\"height:150px; width:200px;\" ><img src=\"https:\/\/sgisoftware.com\/websgi\/wp-content\/uploads\/2016\/12\/LogoSancri.jpg\" alt=\"Colegio San Crist\u00f3bal\" title=\"Colegio San Crist\u00f3bal\" style=\"max-width:200px; padding-left: 0px; padding-right:0px\" ><\/div><\/li><li style=\"height:150px;\" ><div class=\"helper\" style=\"height:150px; width:200px;\" ><img src=\"https:\/\/sgisoftware.com\/websgi\/wp-content\/uploads\/2016\/12\/LogoCICASU.jpg\" alt=\"Colegio Immacule\u00e9 Conception Asunci\u00f3n\" title=\"Colegio Immacule\u00e9 Conception Asunci\u00f3n\" style=\"max-width:200px; padding-left: 0px; padding-right:0px\" ><\/div><\/li><li style=\"height:150px;\" ><div class=\"helper\" style=\"height:150px; width:200px;\" ><img src=\"https:\/\/sgisoftware.com\/websgi\/wp-content\/uploads\/2016\/12\/LogoSol.jpg\" alt=\"Colegio Sol de Am\u00e9rica\" title=\"Colegio Sol de Am\u00e9rica\" style=\"max-width:200px; padding-left: 0px; padding-right:0px\" ><\/div><\/li><li style=\"height:150px;\" ><div class=\"helper\" style=\"height:150px; width:200px;\" ><img src=\"https:\/\/sgisoftware.com\/websgi\/wp-content\/uploads\/2019\/06\/BAUTISTA.jpg\" alt=\"Colegio Bautista del Alto Paran\u00e1\" title=\"Colegio Bautista del Alto Paran\u00e1\" style=\"max-width:200px; padding-left: 0px; padding-right:0px\" ><\/div><\/li><li style=\"height:150px;\" ><div class=\"helper\" style=\"height:150px; width:200px;\" ><img src=\"https:\/\/sgisoftware.com\/websgi\/wp-content\/uploads\/2016\/12\/LogoCICASU.jpg\" alt=\"Inmaculada Concepci\u00f3n (Concepci\u00f3n)\" title=\"Inmaculada Concepci\u00f3n (Concepci\u00f3n)\" style=\"max-width:200px; padding-left: 0px; padding-right:0px\" ><\/div><\/li><li style=\"height:150px;\" ><div class=\"helper\" style=\"height:150px; width:200px;\" ><img src=\"https:\/\/sgisoftware.com\/websgi\/wp-content\/uploads\/2016\/12\/LogoCICASU.jpg\" alt=\"Inmaculada Concepci\u00f3n (Encarnaci\u00f3n)\" title=\"Inmaculada Concepci\u00f3n (Encarnaci\u00f3n)\" style=\"max-width:200px; padding-left: 0px; padding-right:0px\" ><\/div><\/li><li style=\"height:150px;\" ><div class=\"helper\" style=\"height:150px; width:200px;\" ><img src=\"https:\/\/sgisoftware.com\/websgi\/wp-content\/uploads\/2019\/06\/las-almenitas.png\" alt=\"Las Almenitas\" title=\"Las Almenitas\" style=\"max-width:200px; padding-left: 0px; padding-right:0px\" ><\/div><\/li><li style=\"height:150px;\" ><div class=\"helper\" style=\"height:150px; width:200px;\" ><img src=\"https:\/\/sgisoftware.com\/websgi\/wp-content\/uploads\/2019\/06\/las-almenitas-norte.png\" alt=\"Almenitas Norte\" title=\"Almenitas Norte\" style=\"max-width:200px; padding-left: 0px; padding-right:0px\" ><\/div><\/li><li style=\"height:150px;\" ><div class=\"helper\" style=\"height:150px; width:200px;\" ><img src=\"https:\/\/sgisoftware.com\/websgi\/wp-content\/uploads\/2019\/06\/las-colinas.png\" alt=\"Las Colinas\" title=\"Las Colinas\" style=\"max-width:200px; padding-left: 0px; padding-right:0px\" ><\/div><\/li><li style=\"height:150px;\" ><div class=\"helper\" style=\"height:150px; width:200px;\" ><img src=\"https:\/\/sgisoftware.com\/websgi\/wp-content\/uploads\/2019\/06\/almenitas-encarnacion.png\" alt=\"Almenitas Encarnaci\u00f3n\" title=\"Almenitas Encarnaci\u00f3n\" style=\"max-width:200px; padding-left: 0px; padding-right:0px\" ><\/div><\/li><li style=\"height:150px;\" ><div class=\"helper\" style=\"height:150px; width:200px;\" ><img src=\"https:\/\/sgisoftware.com\/websgi\/wp-content\/uploads\/2019\/06\/Pfannl.png\" alt=\"Instituto Agropecuario Salesiano Carlos Pfannl\" title=\"Instituto Agropecuario Salesiano Carlos Pfannl\" style=\"max-width:200px; padding-left: 0px; padding-right:0px\" ><\/div><\/li><li style=\"height:150px;\" ><div class=\"helper\" style=\"height:150px; width:200px;\" ><img src=\"https:\/\/sgisoftware.com\/websgi\/wp-content\/uploads\/2019\/06\/cml.jpg\" alt=\"Colegio Salesiano Monse\u00f1or Lasagna\" title=\"Colegio Salesiano Monse\u00f1or Lasagna\" style=\"max-width:200px; padding-left: 0px; padding-right:0px\" ><\/div><\/li><li style=\"height:150px;\" ><div class=\"helper\" style=\"height:150px; width:200px;\" ><img src=\"https:\/\/sgisoftware.com\/websgi\/wp-content\/uploads\/2019\/06\/cps.jpg\" alt=\"Centro Paraguayo del Saber\" title=\"Centro Paraguayo del Saber\" style=\"max-width:200px; padding-left: 0px; padding-right:0px\" ><\/div><\/li><li style=\"height:150px;\" ><div class=\"helper\" style=\"height:150px; width:200px;\" ><img src=\"https:\/\/sgisoftware.com\/websgi\/wp-content\/uploads\/2019\/06\/san-roque-limpio.jpg\" alt=\"Escuela San Roque (Limpio)\" title=\"Escuela San Roque (Limpio)\" style=\"max-width:200px; padding-left: 0px; padding-right:0px\" ><\/div><\/li><li style=\"height:150px;\" ><div class=\"helper\" style=\"height:150px; width:200px;\" ><img src=\"https:\/\/sgisoftware.com\/websgi\/wp-content\/uploads\/2019\/06\/sap_escuela.png\" alt=\"Escuela San Antonio de Padua\" title=\"Escuela San Antonio de Padua\" style=\"max-width:200px; padding-left: 0px; padding-right:0px\" ><\/div><\/li><li style=\"height:150px;\" ><div class=\"helper\" style=\"height:150px; width:200px;\" ><img src=\"https:\/\/sgisoftware.com\/websgi\/wp-content\/uploads\/2019\/06\/filipenses.png\" alt=\"Centro Educativo Filipenses\" title=\"Centro Educativo Filipenses\" style=\"max-width:200px; padding-left: 0px; padding-right:0px\" ><\/div><\/li><\/ul>\n<p>Asociaciones \/ Centros de Exalumnos<\/p>\n<ul class=\"kiwi-logo-carousel kiwi-logo-carousel-asociaciones default align-center col4\"><li style=\"height:150px;\" ><div class=\"helper\" style=\"height:150px; width:200px;\" ><img src=\"https:\/\/sgisoftware.com\/websgi\/wp-content\/uploads\/2016\/12\/CEM-Logo.jpg\" alt=\"Centro de Estudiantes de Medicina UNA\" title=\"Centro de Estudiantes de Medicina UNA\" style=\"max-width:200px; padding-left: 0px; padding-right:0px\" ><\/div><\/li><li style=\"height:150px;\" ><div class=\"helper\" style=\"height:150px; width:200px;\" ><img src=\"https:\/\/sgisoftware.com\/websgi\/wp-content\/uploads\/2016\/12\/LogoAsoVision.jpg\" alt=\"Asoc. Funcionarios de Visi\u00f3n Banco\" title=\"Asoc. Funcionarios de Visi\u00f3n Banco\" style=\"max-width:200px; padding-left: 0px; padding-right:0px\" ><\/div><\/li><li style=\"height:150px;\" ><div class=\"helper\" style=\"height:150px; width:200px;\" ><img src=\"https:\/\/sgisoftware.com\/websgi\/wp-content\/uploads\/2016\/12\/LogoCMB.jpg\" alt=\"Centro de Exalumnos de Salesianito\" title=\"Centro de Exalumnos de Salesianito\" style=\"max-width:200px; padding-left: 0px; padding-right:0px\" ><\/div><\/li><li style=\"height:150px;\" ><div class=\"helper\" style=\"height:150px; width:200px;\" ><img src=\"https:\/\/sgisoftware.com\/websgi\/wp-content\/uploads\/2019\/06\/aso_regional.jpg\" alt=\"Asociaci\u00f3n de Empleados Regional\" title=\"Asociaci\u00f3n de Empleados Regional\" style=\"max-width:200px; padding-left: 0px; padding-right:0px\" ><\/div><\/li><\/ul>\n<p>Empresas Comerciales y de Servicios<\/p>\n<ul class=\"kiwi-logo-carousel kiwi-logo-carousel-comercios default align-center col4\"><li style=\"height:150px;\" ><div class=\"helper\" style=\"height:150px; width:200px;\" ><img src=\"https:\/\/sgisoftware.com\/websgi\/wp-content\/uploads\/2016\/12\/LogoStarFlash.jpg\" alt=\"Starflash\" title=\"Starflash\" style=\"max-width:200px; padding-left: 0px; padding-right:0px\" ><\/div><\/li><li style=\"height:150px;\" ><div class=\"helper\" style=\"height:150px; width:200px;\" ><img src=\"https:\/\/sgisoftware.com\/websgi\/wp-content\/uploads\/2016\/12\/LogoAstichac.jpg\" alt=\"Astillero Chaco Paraguayo\" title=\"Astillero Chaco Paraguayo\" style=\"max-width:200px; padding-left: 0px; padding-right:0px\" ><\/div><\/li><li style=\"height:150px;\" ><div class=\"helper\" style=\"height:150px; width:200px;\" ><img src=\"https:\/\/sgisoftware.com\/websgi\/wp-content\/uploads\/2016\/12\/LogoTeleinfo.jpg\" alt=\"Teleinfo\" title=\"Teleinfo\" style=\"max-width:200px; padding-left: 0px; padding-right:0px\" ><\/div><\/li><li style=\"height:150px;\" ><div class=\"helper\" style=\"height:150px; width:200px;\" ><img src=\"https:\/\/sgisoftware.com\/websgi\/wp-content\/uploads\/2016\/12\/LogoAsoVision.jpg\" alt=\"Asoc. Funcionarios de Visi\u00f3n Banco\" title=\"Asoc. Funcionarios de Visi\u00f3n Banco\" style=\"max-width:200px; padding-left: 0px; padding-right:0px\" ><\/div><\/li><li style=\"height:150px;\" ><div class=\"helper\" style=\"height:150px; width:200px;\" ><img src=\"https:\/\/sgisoftware.com\/websgi\/wp-content\/uploads\/2019\/06\/WhatsApp-Image-2019-06-11-at-14.14.34.jpeg\" alt=\"Alta Visi\u00f3n\" title=\"Alta Visi\u00f3n\" style=\"max-width:200px; padding-left: 0px; padding-right:0px\" ><\/div><\/li><\/ul>\n<p>Parroquias<\/p>\n<ul class=\"kiwi-logo-carousel kiwi-logo-carousel-parroquias default align-center col4\"><li style=\"height:150px;\" ><div class=\"helper\" style=\"height:150px; width:200px;\" ><img src=\"https:\/\/sgisoftware.com\/websgi\/wp-content\/uploads\/2019\/06\/Virgen-de-la-cna.png\" alt=\"Parroquia Virgen de la Candelaria\" title=\"Parroquia Virgen de la Candelaria\" style=\"max-width:200px; padding-left: 0px; padding-right:0px\" ><\/div><\/li><li style=\"height:150px;\" ><div class=\"helper\" style=\"height:150px; width:200px;\" ><img src=\"https:\/\/sgisoftware.com\/websgi\/wp-content\/uploads\/2019\/06\/san-antonio-parro.jpg\" alt=\"Parroquia San Antonio de Padua\" title=\"Parroquia San Antonio de Padua\" style=\"max-width:200px; padding-left: 0px; padding-right:0px\" ><\/div><\/li><li style=\"height:150px;\" ><div class=\"helper\" style=\"height:150px; width:200px;\" ><img src=\"https:\/\/sgisoftware.com\/websgi\/wp-content\/uploads\/2019\/06\/espiritu-Sto.png\" alt=\"Parroquia Esp\u00edritu Santo\" title=\"Parroquia Esp\u00edritu Santo\" style=\"max-width:200px; padding-left: 0px; padding-right:0px\" ><\/div><\/li><\/ul>\n<p><strong>Clientes del Servicio de Alojamiento Web<\/strong><\/p>\n<ul class=\"kiwi-logo-carousel kiwi-logo-carousel-hosting default align-center col4\"><li style=\"height:150px;\"><a target=\"_blank\" href=\"http:\/\/www.cel.edu.py\"><div class=\"helper\" style=\"height:150px; width:200px;\" ><img src=\"https:\/\/sgisoftware.com\/websgi\/wp-content\/uploads\/2016\/12\/CEL20.jpg\" alt=\"Centro Educativo Los Laureles\" title=\"Centro Educativo Los Laureles\"><\/div><\/a><\/li><li style=\"height:150px;\"><a target=\"_blank\" href=\"http:\/\/ispa.edu.py\"><div class=\"helper\" style=\"height:150px; width:200px;\" ><img src=\"https:\/\/sgisoftware.com\/websgi\/wp-content\/uploads\/2016\/12\/LogoIspa.jpg\" alt=\"Ispa\" title=\"Ispa\"><\/div><\/a><\/li><li style=\"height:150px;\"><a target=\"_blank\" href=\"http:\/\/www.startlash.com.py\"><div class=\"helper\" style=\"height:150px; width:200px;\" ><img src=\"https:\/\/sgisoftware.com\/websgi\/wp-content\/uploads\/2016\/12\/LogoStarFlash.jpg\" alt=\"Starflash\" title=\"Starflash\"><\/div><\/a><\/li><li style=\"height:150px;\"><a target=\"_blank\" href=\"http:\/\/www.colegiosantateresita.edu.py\"><div class=\"helper\" style=\"height:150px; width:200px;\" ><img src=\"https:\/\/sgisoftware.com\/websgi\/wp-content\/uploads\/2016\/12\/LogoStaTere.jpg\" alt=\"Colegio Santa Teresita del Ni\u00f1o Jes\u00fas\" title=\"Colegio Santa Teresita del Ni\u00f1o Jes\u00fas\"><\/div><\/a><\/li><li style=\"height:150px;\"><a target=\"_blank\" href=\"http:\/\/uapsys.net\"><div class=\"helper\" style=\"height:150px; width:200px;\" ><img src=\"https:\/\/sgisoftware.com\/websgi\/wp-content\/uploads\/2016\/12\/LogoUap.jpg\" alt=\"Universidad Aut\u00f3noma del Paraguay\" title=\"Universidad Aut\u00f3noma del Paraguay\"><\/div><\/a><\/li><li style=\"height:150px;\"><a target=\"_blank\" href=\"http:\/\/www.asovisionbanco.org.py\"><div class=\"helper\" style=\"height:150px; width:200px;\" ><img src=\"https:\/\/sgisoftware.com\/websgi\/wp-content\/uploads\/2016\/12\/LogoAsoVision.jpg\" alt=\"Asoc. Funcionarios de Visi\u00f3n Banco\" title=\"Asoc. Funcionarios de Visi\u00f3n Banco\"><\/div><\/a><\/li><li style=\"height:150px;\"><a target=\"_blank\" href=\"http:\/\/www.cescj.edu.py\"><div class=\"helper\" style=\"height:150px; width:200px;\" ><img src=\"https:\/\/sgisoftware.com\/websgi\/wp-content\/uploads\/2016\/12\/LogoCescj.jpg\" alt=\"Centro Educativo Sagrado Coraz\u00f3n de Jes\u00fas\" title=\"Centro Educativo Sagrado Coraz\u00f3n de Jes\u00fas\"><\/div><\/a><\/li><li style=\"height:150px;\"><a target=\"_blank\" href=\"http:\/\/www.cscjsajonia.edu.py\"><div class=\"helper\" style=\"height:150px; width:200px;\" ><img src=\"https:\/\/sgisoftware.com\/websgi\/wp-content\/uploads\/2016\/12\/LogoCscj.jpg\" alt=\"Colegio Sagrado Coraz\u00f3n de Jes\u00fas (Sajonia)\" title=\"Colegio Sagrado Coraz\u00f3n de Jes\u00fas (Sajonia)\"><\/div><\/a><\/li><li style=\"height:150px;\"><a target=\"_blank\" href=\"http:\/\/lasalmenas.edu.py\"><div class=\"helper\" style=\"height:150px; width:200px;\" ><img src=\"https:\/\/sgisoftware.com\/websgi\/wp-content\/uploads\/2016\/12\/LogoLasAlmenas.jpg\" alt=\"Colegio Las Almenas\" title=\"Colegio Las Almenas\"><\/div><\/a><\/li><li style=\"height:150px;\"><a target=\"_blank\" href=\"http:\/\/www.sancristobal.edu.py\"><div class=\"helper\" style=\"height:150px; width:200px;\" ><img src=\"https:\/\/sgisoftware.com\/websgi\/wp-content\/uploads\/2016\/12\/LogoSancri.jpg\" alt=\"Colegio San Crist\u00f3bal\" title=\"Colegio San Crist\u00f3bal\"><\/div><\/a><\/li><li style=\"height:150px;\"><a target=\"_blank\" href=\"http:\/\/www.unades.edu.py\"><div class=\"helper\" style=\"height:150px; width:200px;\" ><img src=\"https:\/\/sgisoftware.com\/websgi\/wp-content\/uploads\/2016\/12\/LogoUnades.jpg\" alt=\"Universidad del Sol\" title=\"Universidad del Sol\"><\/div><\/a><\/li><li style=\"height:150px;\"><a target=\"_blank\" href=\"http:\/\/colegioimmaculee.edu.py\/web\/\"><div class=\"helper\" style=\"height:150px; width:200px;\" ><img src=\"https:\/\/sgisoftware.com\/websgi\/wp-content\/uploads\/2016\/12\/LogoCICASU.jpg\" alt=\"Colegio Immacule\u00e9 Conception Asunci\u00f3n\" title=\"Colegio Immacule\u00e9 Conception Asunci\u00f3n\"><\/div><\/a><\/li><\/ul>\n<p><strong>Clientes del Servicio de Alojamiento para proceso seguro de pagos electr\u00f3nicos v\u00eda redes de pago<\/strong><\/p>\n<ul class=\"kiwi-logo-carousel kiwi-logo-carousel-webpagos default align-center col4\"><li style=\"height:150px;\"><a target=\"_blank\" href=\"http:\/\/www.sancristobal.edu.py\"><div class=\"helper\" style=\"height:150px; width:200px;\" ><img src=\"https:\/\/sgisoftware.com\/websgi\/wp-content\/uploads\/2016\/12\/LogoSancri.jpg\" alt=\"Colegio San Crist\u00f3bal\" title=\"Colegio San Crist\u00f3bal\"><\/div><\/a><\/li><li style=\"height:150px;\"><a target=\"_blank\" href=\"http:\/\/www.cescj.edu.py\"><div class=\"helper\" style=\"height:150px; width:200px;\" ><img src=\"https:\/\/sgisoftware.com\/websgi\/wp-content\/uploads\/2016\/12\/LogoCescj.jpg\" alt=\"Centro Educativo Sagrado Coraz\u00f3n de Jes\u00fas\" title=\"Centro Educativo Sagrado Coraz\u00f3n de Jes\u00fas\"><\/div><\/a><\/li><li style=\"height:150px;\"><a target=\"_blank\" href=\"http:\/\/colegioimmaculee.edu.py\/web\/\"><div class=\"helper\" style=\"height:150px; width:200px;\" ><img src=\"https:\/\/sgisoftware.com\/websgi\/wp-content\/uploads\/2016\/12\/LogoCICASU.jpg\" alt=\"Colegio Immacule\u00e9 Conception Asunci\u00f3n\" title=\"Colegio Immacule\u00e9 Conception Asunci\u00f3n\"><\/div><\/a><\/li><li style=\"height:150px;\"><a target=\"_blank\" href=\"http:\/\/lasalmenas.edu.py\"><div class=\"helper\" style=\"height:150px; width:200px;\" ><img src=\"https:\/\/sgisoftware.com\/websgi\/wp-content\/uploads\/2016\/12\/LogoLasAlmenas.jpg\" alt=\"Colegio Las Almenas\" title=\"Colegio Las Almenas\"><\/div><\/a><\/li><\/ul>\n","protected":false},"excerpt":{"rendered":"<p>Nuestros clientes y amigos, los que d\u00eda a d\u00eda nos honran al contarnos entre sus proveedores. Ofrecemos dise\u00f1o e implementaci\u00f3n de Software en Sistemas Locales y Www, Hosting y Dise\u00f1o Web, Servicios de Almacenamiento y WebServices con protocolo seguro (HTTPS) para procesamiento de pagos electr\u00f3nicos via Redes de Cobranzas, Asistencia y Asesoramiento integral en el&hellip;<\/p>\n","protected":false},"author":1,"featured_media":0,"parent":0,"menu_order":0,"comment_status":"closed","ping_status":"closed","template":"","meta":[],"_links":{"self":[{"href":"https:\/\/sgisoftware.com\/websgi\/wp-json\/wp\/v2\/pages\/223"}],"collection":[{"href":"https:\/\/sgisoftware.com\/websgi\/wp-json\/wp\/v2\/pages"}],"about":[{"href":"https:\/\/sgisoftware.com\/websgi\/wp-json\/wp\/v2\/types\/page"}],"author":[{"embeddable":true,"href":"https:\/\/sgisoftware.com\/websgi\/wp-json\/wp\/v2\/users\/1"}],"replies":[{"embeddable":true,"href":"https:\/\/sgisoftware.com\/websgi\/wp-json\/wp\/v2\/comments?post=223"}],"version-history":[{"count":8,"href":"https:\/\/sgisoftware.com\/websgi\/wp-json\/wp\/v2\/pages\/223\/revisions"}],"predecessor-version":[{"id":408,"href":"https:\/\/sgisoftware.com\/websgi\/wp-json\/wp\/v2\/pages\/223\/revisions\/408"}],"wp:attachment":[{"href":"https:\/\/sgisoftware.com\/websgi\/wp-json\/wp\/v2\/media?parent=223"}],"curies":[{"name":"wp","href":"https:\/\/api.w.org\/{rel}","templated":true}]}}