{"id":29,"date":"2016-03-20T23:00:36","date_gmt":"2016-03-20T23:00:36","guid":{"rendered":"http:\/\/sgisoftware.com\/websgi\/?page_id=29"},"modified":"2016-03-31T15:17:51","modified_gmt":"2016-03-31T15:17:51","slug":"nuestra-filosofia","status":"publish","type":"page","link":"https:\/\/sgisoftware.com\/websgi\/nuestra-filosofia\/","title":{"rendered":"Nuestra Filosof\u00eda"},"content":{"rendered":"<p><strong>MISI\u00d3N<\/strong><br \/>\nBrindar a trav\u00e9s de nuestros productos y servicios la \u00f3ptima satisfacci\u00f3n a nuestros distribuidores y clientes. Sustentados por una empresa pr\u00f3spera, comprometida con el desarrollo de su personal y de la sociedad donde se ubica.<\/p>\n<p><strong>VISI\u00d3N<\/strong><br \/>\nSituarnos como l\u00edderes en el mercado, a trav\u00e9s de nuestros productos, servicio, calidad e innovaci\u00f3n; teniendo como meta y objetivo la satisfacci\u00f3n de nuestros clientes. Siempre guiados por una actitud \u00e9tica y honesta.<\/p>\n<p><strong>VALORES<\/strong><br \/>\nEn SGI consideramos que nuestro progreso integral est\u00e1 \u00edntimamente vinculado a nuestras acciones y actitud; y a la promoci\u00f3n de valores en nuestra gente.<\/p>\n<blockquote><p>Con la cabeza en el cielo, pero con los pies en la tierra.<\/p><\/blockquote>\n","protected":false},"excerpt":{"rendered":"<p>MISI\u00d3N Brindar a trav\u00e9s de nuestros productos y servicios la \u00f3ptima satisfacci\u00f3n a nuestros distribuidores y clientes. Sustentados por una empresa pr\u00f3spera, comprometida con el desarrollo de su personal y de la sociedad donde se ubica. VISI\u00d3N Situarnos como l\u00edderes en el mercado, a trav\u00e9s de nuestros productos, servicio, calidad e innovaci\u00f3n; teniendo como meta&hellip;<\/p>\n","protected":false},"author":1,"featured_media":26,"parent":0,"menu_order":0,"comment_status":"closed","ping_status":"closed","template":"page-templates\/full-width.php","meta":[],"_links":{"self":[{"href":"https:\/\/sgisoftware.com\/websgi\/wp-json\/wp\/v2\/pages\/29"}],"collection":[{"href":"https:\/\/sgisoftware.com\/websgi\/wp-json\/wp\/v2\/pages"}],"about":[{"href":"https:\/\/sgisoftware.com\/websgi\/wp-json\/wp\/v2\/types\/page"}],"author":[{"embeddable":true,"href":"https:\/\/sgisoftware.com\/websgi\/wp-json\/wp\/v2\/users\/1"}],"replies":[{"embeddable":true,"href":"https:\/\/sgisoftware.com\/websgi\/wp-json\/wp\/v2\/comments?post=29"}],"version-history":[{"count":3,"href":"https:\/\/sgisoftware.com\/websgi\/wp-json\/wp\/v2\/pages\/29\/revisions"}],"predecessor-version":[{"id":44,"href":"https:\/\/sgisoftware.com\/websgi\/wp-json\/wp\/v2\/pages\/29\/revisions\/44"}],"wp:featuredmedia":[{"embeddable":true,"href":"https:\/\/sgisoftware.com\/websgi\/wp-json\/wp\/v2\/media\/26"}],"wp:attachment":[{"href":"https:\/\/sgisoftware.com\/websgi\/wp-json\/wp\/v2\/media?parent=29"}],"curies":[{"name":"wp","href":"https:\/\/api.w.org\/{rel}","templated":true}]}}